{"id":2252,"date":"2022-01-25T09:35:20","date_gmt":"2022-01-25T09:35:20","guid":{"rendered":"https:\/\/asociacionhuelvaport.com\/home-2021\/"},"modified":"2025-07-21T11:04:01","modified_gmt":"2025-07-21T11:04:01","slug":"home-2021","status":"publish","type":"page","link":"https:\/\/asociacionhuelvaport.com\/en\/","title":{"rendered":"HuelvaPort Asociation"},"content":{"rendered":"<p>[et_pb_section fb_built=&#8221;1&#8243; _builder_version=&#8221;4.16&#8243; _module_preset=&#8221;default&#8221; use_background_color_gradient=&#8221;on&#8221; background_color_gradient_direction=&#8221;92deg&#8221; background_color_gradient_stops=&#8221;#0a3d54 43%|rgba(255,255,255,0) 100%&#8221; background_color_gradient_start=&#8221;#0a3d54&#8243; background_color_gradient_start_position=&#8221;43%&#8221; background_color_gradient_end=&#8221;rgba(255,255,255,0)&#8221; background_image=&#8221;http:\/\/asociacionhuelvaport.com\/wp-content\/uploads\/2021\/12\/home-huelvaport-01.jpg&#8221; background_blend=&#8221;overlay&#8221; custom_padding=&#8221;260px||260px||true|&#8221; global_colors_info=&#8221;{}&#8221;][et_pb_row _builder_version=&#8221;4.16&#8243; _module_preset=&#8221;default&#8221; global_colors_info=&#8221;{}&#8221;][et_pb_column type=&#8221;4_4&#8243; _builder_version=&#8221;4.16&#8243; _module_preset=&#8221;default&#8221; global_colors_info=&#8221;{}&#8221;][et_pb_text _builder_version=&#8221;4.16&#8243; header_font=&#8221;Montserrat||||||||&#8221; header_font_size=&#8221;63px&#8221; header_2_font=&#8221;Montserrat|||on|||||&#8221; header_2_text_color=&#8221;#FFFFFF&#8221; header_2_font_size=&#8221;27px&#8221; background_layout=&#8221;dark&#8221; header_font_tablet=&#8221;&#8221; header_font_phone=&#8221;&#8221; header_font_last_edited=&#8221;on|phone&#8221; header_font_size_tablet=&#8221;60px&#8221; header_font_size_phone=&#8221;28px&#8221; header_font_size_last_edited=&#8221;on|phone&#8221; header_2_font_size_tablet=&#8221;&#8221; header_2_font_size_phone=&#8221;13px&#8221; header_2_font_size_last_edited=&#8221;on|phone&#8221; locked=&#8221;off&#8221; global_colors_info=&#8221;{}&#8221;]<\/p>\n<h1>Together, we join forces<\/h1>\n<h2>For the promotion of the port community of Huelva<\/h2>\n<p>[\/et_pb_text][\/et_pb_column][\/et_pb_row][\/et_pb_section][et_pb_section fb_built=&#8221;1&#8243; custom_padding_last_edited=&#8221;on|phone&#8221; admin_label=&#8221;Services&#8221; _builder_version=&#8221;4.16&#8243; background_color=&#8221;#ecf3f2&#8243; width=&#8221;90%&#8221; width_tablet=&#8221;&#8221; width_phone=&#8221;100%&#8221; width_last_edited=&#8221;on|phone&#8221; custom_margin=&#8221;-49px|||||&#8221; custom_padding=&#8221;||60px|10vw|false|false&#8221; custom_padding_tablet=&#8221;&#8221; custom_padding_phone=&#8221;|||0vw|false|false&#8221; box_shadow_style=&#8221;preset2&#8243; global_colors_info=&#8221;{}&#8221;][et_pb_row column_structure=&#8221;2_3,1_3&#8243; _builder_version=&#8221;4.16&#8243; _module_preset=&#8221;default&#8221; global_colors_info=&#8221;{}&#8221;][et_pb_column type=&#8221;2_3&#8243; _builder_version=&#8221;4.16&#8243; _module_preset=&#8221;default&#8221; global_colors_info=&#8221;{}&#8221;][et_pb_text _builder_version=&#8221;4.16&#8243; _module_preset=&#8221;default&#8221; header_font=&#8221;Montserrat||||||||&#8221; header_font_size=&#8221;36px&#8221; global_colors_info=&#8221;{}&#8221;]<\/p>\n<h1><strong>MEMBERS<\/strong><\/h1>\n<p><strong>HuelvaPort<\/strong> is <strong>made up of companies related<\/strong>, both directly and indirectly, with the activity of the <strong>Port of Huelva<\/strong>, but with a clear common objective: the search for synergies among the members and the commercial development of the Port of Huelva and the companies of the port community.<br \/>\n[\/et_pb_text][\/et_pb_column][et_pb_column type=&#8221;1_3&#8243; _builder_version=&#8221;4.16&#8243; _module_preset=&#8221;default&#8221; global_colors_info=&#8221;{}&#8221;][et_pb_text _builder_version=&#8221;4.16&#8243; _module_preset=&#8221;default&#8221; custom_padding=&#8221;20px||||false|false&#8221; border_width_top=&#8221;1px&#8221; global_colors_info=&#8221;{}&#8221;]<strong>Join us<\/strong>and benefit from the advantages of belonging to an association with a great potential for growth, as well as from our catalogue of services.<br \/>\n[\/et_pb_text][\/et_pb_column][\/et_pb_row][\/et_pb_section][et_pb_section fb_built=&#8221;1&#8243; _builder_version=&#8221;4.16&#8243; _module_preset=&#8221;default&#8221; custom_padding=&#8221;54px||54px||true|&#8221; global_colors_info=&#8221;{}&#8221;][et_pb_row column_structure=&#8221;3_4,1_4&#8243; _builder_version=&#8221;4.16&#8243; _module_preset=&#8221;default&#8221; custom_margin=&#8221;9px|auto||auto||&#8221; global_colors_info=&#8221;{}&#8221;][et_pb_column type=&#8221;3_4&#8243; _builder_version=&#8221;4.16&#8243; _module_preset=&#8221;default&#8221; global_colors_info=&#8221;{}&#8221;][et_pb_gallery gallery_ids=&#8221;3601,3603,3608,3610,3612,3614,3616,3618,3620,3622,3624,3626,5523,5525,5527,5529,5531,5533,5535,5537,5539,5541,5543&#8243; fullwidth=&#8221;on&#8221; _builder_version=&#8221;4.27.0&#8243; _dynamic_attributes=&#8221;link_option_url&#8221; _module_preset=&#8221;default&#8221; caption_text_align=&#8221;center&#8221; custom_padding=&#8221;||6%||false|false&#8221; auto=&#8221;on&#8221; auto_speed=&#8221;5000&#8243; link_option_url=&#8221;@ET-DC@eyJkeW5hbWljIjp0cnVlLCJjb250ZW50IjoicG9zdF9saW5rX3VybF9wYWdlIiwic2V0dGluZ3MiOnsicG9zdF9pZCI6IjEzOCJ9fQ==@&#8221; hover_enabled=&#8221;0&#8243; global_colors_info=&#8221;{}&#8221; sticky_enabled=&#8221;0&#8243;][\/et_pb_gallery][\/et_pb_column][et_pb_column type=&#8221;1_4&#8243; _builder_version=&#8221;4.16&#8243; _module_preset=&#8221;default&#8221; global_colors_info=&#8221;{}&#8221;][et_pb_button button_url=&#8221;@ET-DC@eyJkeW5hbWljIjp0cnVlLCJjb250ZW50IjoicG9zdF9saW5rX3VybF9wYWdlIiwic2V0dGluZ3MiOnsicG9zdF9pZCI6IjEzOCJ9fQ==@&#8221; button_text=&#8221;MEMBERS&#8221; button_alignment=&#8221;center&#8221; button_alignment_tablet=&#8221;left&#8221; button_alignment_phone=&#8221;&#8221; button_alignment_last_edited=&#8221;on|desktop&#8221; _builder_version=&#8221;4.16&#8243; _dynamic_attributes=&#8221;button_url&#8221; custom_button=&#8221;on&#8221; button_text_size=&#8221;14px&#8221; button_bg_color=&#8221;#ff6600&#8243; button_border_color=&#8221;rgba(0,0,0,0)&#8221; button_border_radius=&#8221;0px&#8221; button_letter_spacing=&#8221;4px&#8221; button_font=&#8221;|700||on|||||&#8221; button_icon=&#8221;&#x24;||divi||400&#8243; background_layout=&#8221;dark&#8221; custom_margin=&#8221;8px|||||&#8221; custom_padding=&#8221;15px|40px|15px|40px|true|true&#8221; global_colors_info=&#8221;{}&#8221;][\/et_pb_button][\/et_pb_column][\/et_pb_row][\/et_pb_section][et_pb_section fb_built=&#8221;1&#8243; _builder_version=&#8221;4.16&#8243; _module_preset=&#8221;default&#8221; background_color=&#8221;#f9f9f9&#8243; global_colors_info=&#8221;{}&#8221;][et_pb_row column_structure=&#8221;2_5,3_5&#8243; make_equal=&#8221;on&#8221; _builder_version=&#8221;4.16&#8243; _module_preset=&#8221;default&#8221; global_colors_info=&#8221;{}&#8221;][et_pb_column type=&#8221;2_5&#8243; _builder_version=&#8221;4.16&#8243; _module_preset=&#8221;default&#8221; background_color=&#8221;#06557a&#8221; global_colors_info=&#8221;{}&#8221;][et_pb_text _builder_version=&#8221;4.16&#8243; text_font=&#8221;Montserrat|300|||||||&#8221; text_font_size=&#8221;16px&#8221; text_line_height=&#8221;1.8em&#8221; header_2_font=&#8221;Montserrat||||||||&#8221; header_2_font_size=&#8221;40px&#8221; background_layout=&#8221;dark&#8221; max_width=&#8221;600px&#8221; custom_padding=&#8221;10%|10%|10%|10%|true|true&#8221; header_2_font_size_tablet=&#8221;48px&#8221; header_2_font_size_phone=&#8221;32px&#8221; header_2_font_size_last_edited=&#8221;on|phone&#8221; global_colors_info=&#8221;{}&#8221;]<\/p>\n<h2>EVENTS<\/h2>\n<p>From <strong>HuelvaPort<\/strong> we keep you up to date on the most interesting business and social events for partners and nearby entities.<br \/>\n[\/et_pb_text][et_pb_button button_url=&#8221;@ET-DC@eyJkeW5hbWljIjp0cnVlLCJjb250ZW50IjoicG9zdF9saW5rX3VybF9wYWdlIiwic2V0dGluZ3MiOnsicG9zdF9pZCI6IjIxNTUifX0=@&#8221; button_text=&#8221;EVENTS&#8221; _builder_version=&#8221;4.16&#8243; _dynamic_attributes=&#8221;button_url&#8221; _module_preset=&#8221;default&#8221; custom_button=&#8221;on&#8221; button_text_color=&#8221;#003a4c&#8221; custom_margin=&#8221;|10%|18px|10%|false|true&#8221; global_colors_info=&#8221;{}&#8221;][\/et_pb_button][\/et_pb_column][et_pb_column type=&#8221;3_5&#8243; _builder_version=&#8221;4.16&#8243; _module_preset=&#8221;default&#8221; global_colors_info=&#8221;{}&#8221;][et_pb_text _builder_version=&#8221;4.16&#8243; _module_preset=&#8221;default&#8221; background_color=&#8221;#fcfcfc&#8221; custom_padding=&#8221;3%|3%|3%|3%|true|true&#8221; global_colors_info=&#8221;{}&#8221;]<div class=\"mec-wrap mec-skin-list-container  \" id=\"mec_skin_2152\">\r\n    \r\n    \r\n        <div class=\"mec-skin-list-events-container\" id=\"mec_skin_events_2152\">\r\n        No event found!    <\/div>\r\n        \r\n        \r\n<\/div><br \/>\n[\/et_pb_text][\/et_pb_column][\/et_pb_row][\/et_pb_section][et_pb_section fb_built=&#8221;1&#8243; _builder_version=&#8221;4.16&#8243; _module_preset=&#8221;default&#8221; background_color=&#8221;#e8e8e8&#8243; global_colors_info=&#8221;{}&#8221;][et_pb_row column_structure=&#8221;2_5,3_5&#8243; make_equal=&#8221;on&#8221; _builder_version=&#8221;4.16&#8243; _module_preset=&#8221;default&#8221; global_colors_info=&#8221;{}&#8221;][et_pb_column type=&#8221;2_5&#8243; _builder_version=&#8221;4.16&#8243; _module_preset=&#8221;default&#8221; background_color=&#8221;#E09900&#8243; global_colors_info=&#8221;{}&#8221;][et_pb_text _builder_version=&#8221;4.16&#8243; text_font=&#8221;Montserrat|300|||||||&#8221; text_font_size=&#8221;16px&#8221; text_line_height=&#8221;1.8em&#8221; header_2_font=&#8221;Montserrat||||||||&#8221; header_2_font_size=&#8221;40px&#8221; background_layout=&#8221;dark&#8221; max_width=&#8221;600px&#8221; custom_padding=&#8221;10%|10%|10%|10%|true|true&#8221; header_2_font_size_tablet=&#8221;48px&#8221; header_2_font_size_phone=&#8221;32px&#8221; header_2_font_size_last_edited=&#8221;on|phone&#8221; global_colors_info=&#8221;{}&#8221;]<\/p>\n<h2>NEWS<\/h2>\n<p>All the news and updates related to the environment and the activity of the Port of Huelva and the companies associated with <strong>HuelvaPort.<\/strong><br \/>\n[\/et_pb_text][et_pb_button button_url=&#8221;@ET-DC@eyJkeW5hbWljIjp0cnVlLCJjb250ZW50IjoicG9zdF9saW5rX3VybF9wYWdlIiwic2V0dGluZ3MiOnsicG9zdF9pZCI6IjE1MCJ9fQ==@&#8221; button_text=&#8221;NEWS&#8221; _builder_version=&#8221;4.16&#8243; _dynamic_attributes=&#8221;button_url&#8221; _module_preset=&#8221;default&#8221; custom_button=&#8221;on&#8221; button_text_color=&#8221;#E09900&#8243; custom_margin=&#8221;|10%|18px|10%|false|true&#8221; global_colors_info=&#8221;{}&#8221;][\/et_pb_button][\/et_pb_column][et_pb_column type=&#8221;3_5&#8243; _builder_version=&#8221;4.16&#8243; _module_preset=&#8221;default&#8221; global_colors_info=&#8221;{}&#8221;][et_pb_blog posts_number=&#8221;1&#8243; include_categories=&#8221;all&#8221; _builder_version=&#8221;4.16&#8243; _module_preset=&#8221;default&#8221; global_colors_info=&#8221;{}&#8221;][\/et_pb_blog][\/et_pb_column][\/et_pb_row][\/et_pb_section]<\/p>\n","protected":false},"excerpt":{"rendered":"<p>Together, we join forces For the promotion of the port community of Huelva MEMBERS HuelvaPort is made up of companies related, both directly and indirectly, with the activity of the Port of Huelva, but with a clear common objective: the search for synergies among the members and the commercial development of the Port of Huelva [&hellip;]<\/p>\n","protected":false},"author":1,"featured_media":0,"parent":0,"menu_order":0,"comment_status":"closed","ping_status":"closed","template":"","meta":{"_et_pb_use_builder":"on","_et_pb_old_content":"","_et_gb_content_width":"","_monsterinsights_skip_tracking":false,"_monsterinsights_sitenote_active":false,"_monsterinsights_sitenote_note":"","_monsterinsights_sitenote_category":0,"footnotes":""},"class_list":["post-2252","page","type-page","status-publish","hentry"],"yoast_head":"<!-- This site is optimized with the Yoast SEO plugin v23.1 - https:\/\/yoast.com\/wordpress\/plugins\/seo\/ -->\n<title>HuelvaPort Asociation - Asociaci\u00f3n HuelvaPort<\/title>\n<meta name=\"robots\" content=\"index, follow, max-snippet:-1, max-image-preview:large, max-video-preview:-1\" \/>\n<link rel=\"canonical\" href=\"https:\/\/asociacionhuelvaport.com\/\" \/>\n<meta property=\"og:locale\" content=\"en_US\" \/>\n<meta property=\"og:type\" content=\"article\" \/>\n<meta property=\"og:title\" content=\"HuelvaPort Asociation - Asociaci\u00f3n HuelvaPort\" \/>\n<meta property=\"og:description\" content=\"Together, we join forces For the promotion of the port community of Huelva MEMBERS HuelvaPort is made up of companies related, both directly and indirectly, with the activity of the Port of Huelva, but with a clear common objective: the search for synergies among the members and the commercial development of the Port of Huelva [&hellip;]\" \/>\n<meta property=\"og:url\" content=\"https:\/\/asociacionhuelvaport.com\/\" \/>\n<meta property=\"og:site_name\" content=\"Asociaci\u00f3n HuelvaPort\" \/>\n<meta property=\"article:publisher\" content=\"https:\/\/www.facebook.com\/HuelvaPort\/\" \/>\n<meta property=\"article:modified_time\" content=\"2025-07-21T11:04:01+00:00\" \/>\n<meta property=\"og:image\" content=\"http:\/\/asociacionhuelvaport.com\/wp-content\/uploads\/2023\/12\/logo-vertical-1024x819.png\" \/>\n<meta name=\"twitter:card\" content=\"summary_large_image\" \/>\n<meta name=\"twitter:image\" content=\"http:\/\/asociacionhuelvaport.com\/wp-content\/uploads\/2023\/12\/logo-vertical-1024x819.png\" \/>\n<meta name=\"twitter:site\" content=\"@HuelvaPort\" \/>\n<meta name=\"twitter:label1\" content=\"Est. reading time\" \/>\n\t<meta name=\"twitter:data1\" content=\"1 minute\" \/>\n<script type=\"application\/ld+json\" class=\"yoast-schema-graph\">{\"@context\":\"https:\/\/schema.org\",\"@graph\":[{\"@type\":\"WebPage\",\"@id\":\"https:\/\/asociacionhuelvaport.com\/\",\"url\":\"https:\/\/asociacionhuelvaport.com\/\",\"name\":\"HuelvaPort Asociation - Asociaci\u00f3n HuelvaPort\",\"isPartOf\":{\"@id\":\"https:\/\/asociacionhuelvaport.com\/#website\"},\"datePublished\":\"2022-01-25T09:35:20+00:00\",\"dateModified\":\"2025-07-21T11:04:01+00:00\",\"breadcrumb\":{\"@id\":\"https:\/\/asociacionhuelvaport.com\/#breadcrumb\"},\"inLanguage\":\"en-US\",\"potentialAction\":[{\"@type\":\"ReadAction\",\"target\":[\"https:\/\/asociacionhuelvaport.com\/\"]}]},{\"@type\":\"BreadcrumbList\",\"@id\":\"https:\/\/asociacionhuelvaport.com\/#breadcrumb\",\"itemListElement\":[{\"@type\":\"ListItem\",\"position\":1,\"name\":\"Portada\",\"item\":\"https:\/\/asociacionhuelvaport.com\/\"},{\"@type\":\"ListItem\",\"position\":2,\"name\":\"HuelvaPort Asociation\"}]},{\"@type\":\"WebSite\",\"@id\":\"https:\/\/asociacionhuelvaport.com\/#website\",\"url\":\"https:\/\/asociacionhuelvaport.com\/\",\"name\":\"Asociaci\u00f3n HuelvaPort\",\"description\":\"Asociaci\u00f3n para la Promoci\u00f3n Comercial del Puerto de Huelva\",\"publisher\":{\"@id\":\"https:\/\/asociacionhuelvaport.com\/#organization\"},\"potentialAction\":[{\"@type\":\"SearchAction\",\"target\":{\"@type\":\"EntryPoint\",\"urlTemplate\":\"https:\/\/asociacionhuelvaport.com\/?s={search_term_string}\"},\"query-input\":\"required name=search_term_string\"}],\"inLanguage\":\"en-US\"},{\"@type\":\"Organization\",\"@id\":\"https:\/\/asociacionhuelvaport.com\/#organization\",\"name\":\"Asociaci\u00f3n HuelvaPort\",\"url\":\"https:\/\/asociacionhuelvaport.com\/\",\"logo\":{\"@type\":\"ImageObject\",\"inLanguage\":\"en-US\",\"@id\":\"https:\/\/asociacionhuelvaport.com\/#\/schema\/logo\/image\/\",\"url\":\"https:\/\/asociacionhuelvaport.com\/wp-content\/uploads\/2024\/03\/cropped-Diseno-sin-titulo-1.png\",\"contentUrl\":\"https:\/\/asociacionhuelvaport.com\/wp-content\/uploads\/2024\/03\/cropped-Diseno-sin-titulo-1.png\",\"width\":512,\"height\":512,\"caption\":\"Asociaci\u00f3n HuelvaPort\"},\"image\":{\"@id\":\"https:\/\/asociacionhuelvaport.com\/#\/schema\/logo\/image\/\"},\"sameAs\":[\"https:\/\/www.facebook.com\/HuelvaPort\/\",\"https:\/\/x.com\/HuelvaPort\",\"https:\/\/www.linkedin.com\/company\/huelvaport\/\"]}]}<\/script>\n<!-- \/ Yoast SEO plugin. -->","yoast_head_json":{"title":"HuelvaPort Asociation - Asociaci\u00f3n HuelvaPort","robots":{"index":"index","follow":"follow","max-snippet":"max-snippet:-1","max-image-preview":"max-image-preview:large","max-video-preview":"max-video-preview:-1"},"canonical":"https:\/\/asociacionhuelvaport.com\/","og_locale":"en_US","og_type":"article","og_title":"HuelvaPort Asociation - Asociaci\u00f3n HuelvaPort","og_description":"Together, we join forces For the promotion of the port community of Huelva MEMBERS HuelvaPort is made up of companies related, both directly and indirectly, with the activity of the Port of Huelva, but with a clear common objective: the search for synergies among the members and the commercial development of the Port of Huelva [&hellip;]","og_url":"https:\/\/asociacionhuelvaport.com\/","og_site_name":"Asociaci\u00f3n HuelvaPort","article_publisher":"https:\/\/www.facebook.com\/HuelvaPort\/","article_modified_time":"2025-07-21T11:04:01+00:00","og_image":[{"url":"http:\/\/asociacionhuelvaport.com\/wp-content\/uploads\/2023\/12\/logo-vertical-1024x819.png"}],"twitter_card":"summary_large_image","twitter_image":"http:\/\/asociacionhuelvaport.com\/wp-content\/uploads\/2023\/12\/logo-vertical-1024x819.png","twitter_site":"@HuelvaPort","twitter_misc":{"Est. reading time":"1 minute"},"schema":{"@context":"https:\/\/schema.org","@graph":[{"@type":"WebPage","@id":"https:\/\/asociacionhuelvaport.com\/","url":"https:\/\/asociacionhuelvaport.com\/","name":"HuelvaPort Asociation - Asociaci\u00f3n HuelvaPort","isPartOf":{"@id":"https:\/\/asociacionhuelvaport.com\/#website"},"datePublished":"2022-01-25T09:35:20+00:00","dateModified":"2025-07-21T11:04:01+00:00","breadcrumb":{"@id":"https:\/\/asociacionhuelvaport.com\/#breadcrumb"},"inLanguage":"en-US","potentialAction":[{"@type":"ReadAction","target":["https:\/\/asociacionhuelvaport.com\/"]}]},{"@type":"BreadcrumbList","@id":"https:\/\/asociacionhuelvaport.com\/#breadcrumb","itemListElement":[{"@type":"ListItem","position":1,"name":"Portada","item":"https:\/\/asociacionhuelvaport.com\/"},{"@type":"ListItem","position":2,"name":"HuelvaPort Asociation"}]},{"@type":"WebSite","@id":"https:\/\/asociacionhuelvaport.com\/#website","url":"https:\/\/asociacionhuelvaport.com\/","name":"Asociaci\u00f3n HuelvaPort","description":"Asociaci\u00f3n para la Promoci\u00f3n Comercial del Puerto de Huelva","publisher":{"@id":"https:\/\/asociacionhuelvaport.com\/#organization"},"potentialAction":[{"@type":"SearchAction","target":{"@type":"EntryPoint","urlTemplate":"https:\/\/asociacionhuelvaport.com\/?s={search_term_string}"},"query-input":"required name=search_term_string"}],"inLanguage":"en-US"},{"@type":"Organization","@id":"https:\/\/asociacionhuelvaport.com\/#organization","name":"Asociaci\u00f3n HuelvaPort","url":"https:\/\/asociacionhuelvaport.com\/","logo":{"@type":"ImageObject","inLanguage":"en-US","@id":"https:\/\/asociacionhuelvaport.com\/#\/schema\/logo\/image\/","url":"https:\/\/asociacionhuelvaport.com\/wp-content\/uploads\/2024\/03\/cropped-Diseno-sin-titulo-1.png","contentUrl":"https:\/\/asociacionhuelvaport.com\/wp-content\/uploads\/2024\/03\/cropped-Diseno-sin-titulo-1.png","width":512,"height":512,"caption":"Asociaci\u00f3n HuelvaPort"},"image":{"@id":"https:\/\/asociacionhuelvaport.com\/#\/schema\/logo\/image\/"},"sameAs":["https:\/\/www.facebook.com\/HuelvaPort\/","https:\/\/x.com\/HuelvaPort","https:\/\/www.linkedin.com\/company\/huelvaport\/"]}]}},"_links":{"self":[{"href":"https:\/\/asociacionhuelvaport.com\/en\/wp-json\/wp\/v2\/pages\/2252","targetHints":{"allow":["GET"]}}],"collection":[{"href":"https:\/\/asociacionhuelvaport.com\/en\/wp-json\/wp\/v2\/pages"}],"about":[{"href":"https:\/\/asociacionhuelvaport.com\/en\/wp-json\/wp\/v2\/types\/page"}],"author":[{"embeddable":true,"href":"https:\/\/asociacionhuelvaport.com\/en\/wp-json\/wp\/v2\/users\/1"}],"replies":[{"embeddable":true,"href":"https:\/\/asociacionhuelvaport.com\/en\/wp-json\/wp\/v2\/comments?post=2252"}],"version-history":[{"count":16,"href":"https:\/\/asociacionhuelvaport.com\/en\/wp-json\/wp\/v2\/pages\/2252\/revisions"}],"predecessor-version":[{"id":5547,"href":"https:\/\/asociacionhuelvaport.com\/en\/wp-json\/wp\/v2\/pages\/2252\/revisions\/5547"}],"wp:attachment":[{"href":"https:\/\/asociacionhuelvaport.com\/en\/wp-json\/wp\/v2\/media?parent=2252"}],"curies":[{"name":"wp","href":"https:\/\/api.w.org\/{rel}","templated":true}]}}