{"id":681,"date":"2021-11-24T10:12:22","date_gmt":"2021-11-24T10:12:22","guid":{"rendered":"https:\/\/asociacionhuelvaport.com\/contact\/"},"modified":"2026-03-17T20:10:29","modified_gmt":"2026-03-17T20:10:29","slug":"contact","status":"publish","type":"page","link":"https:\/\/asociacionhuelvaport.com\/en\/contact\/","title":{"rendered":"Contact"},"content":{"rendered":"<p>[et_pb_section fb_built=&#8221;1&#8243; _builder_version=&#8221;4.16&#8243; _module_preset=&#8221;default&#8221; background_color=&#8221;#002e3a&#8221; background_image=&#8221;http:\/\/asociacionhuelvaport.com\/wp-content\/uploads\/2021\/11\/banner-huelvaport-1.png&#8221; background_blend=&#8221;soft-light&#8221; custom_padding=&#8221;10px||10px||true|&#8221; global_colors_info=&#8221;{}&#8221;][et_pb_row _builder_version=&#8221;4.16&#8243; _module_preset=&#8221;default&#8221; global_colors_info=&#8221;{}&#8221;][et_pb_column type=&#8221;4_4&#8243; _builder_version=&#8221;4.16&#8243; _module_preset=&#8221;default&#8221; global_colors_info=&#8221;{}&#8221;][et_pb_text _builder_version=&#8221;4.16&#8243; _module_preset=&#8221;default&#8221; text_font=&#8221;|||on|||||&#8221; text_text_color=&#8221;#FFFFFF&#8221; header_4_text_color=&#8221;#FFFFFF&#8221; header_4_font_size=&#8221;54px&#8221; header_4_font_size_tablet=&#8221;&#8221; header_4_font_size_phone=&#8221;31px&#8221; header_4_font_size_last_edited=&#8221;on|phone&#8221; global_colors_info=&#8221;{}&#8221;]<\/p>\n<h4><strong>CONTACT<\/strong><\/h4>\n<p>all the contact information of huelvaport&#8217;s technical office.<\/p>\n<p>[\/et_pb_text][\/et_pb_column][\/et_pb_row][\/et_pb_section][et_pb_section fb_built=&#8221;1&#8243; _builder_version=&#8221;4.18.0&#8243; _module_preset=&#8221;default&#8221; background_color=&#8221;#FFFFFF&#8221; global_colors_info=&#8221;{}&#8221;][et_pb_row column_structure=&#8221;1_2,1_2&#8243; _builder_version=&#8221;4.16&#8243; _module_preset=&#8221;default&#8221; global_colors_info=&#8221;{}&#8221;][et_pb_column type=&#8221;1_2&#8243; _builder_version=&#8221;4.16&#8243; _module_preset=&#8221;default&#8221; global_colors_info=&#8221;{}&#8221;][et_pb_text _builder_version=&#8221;4.16&#8243; _module_preset=&#8221;default&#8221; global_colors_info=&#8221;{}&#8221;]<\/p>\n<h1><strong>Contact us<\/strong><\/h1>\n<p>[\/et_pb_text][et_pb_text _builder_version=&#8221;4.18.0&#8243; _module_preset=&#8221;default&#8221; global_colors_info=&#8221;{}&#8221;]<\/p>\n<p>At <strong>HuelvaPort<\/strong> we want to be a close and accessible organisation. We put at your disposal our contact details so that you can ask us for information, answer any questions or if you wish to leave a comment. <strong>Contact us, we will be delighted to help you.<\/strong><\/p>\n<p>You can contact the Technical Office by sending an e-mail to the following address or filling in the form below:<\/p>\n<p><a href=\"mailto:oficinatecnica@asociacionhuelvaport.com\">oficinatecnica@huelvaport.com<\/a><\/p>\n<p>&nbsp;<\/p>\n<p>[\/et_pb_text][et_pb_image src=&#8221;http:\/\/asociacionhuelvaport.com\/wp-content\/uploads\/2024\/02\/mail-derecha.png&#8221; title_text=&#8221;mail derecha&#8221; align=&#8221;center&#8221; _builder_version=&#8221;4.18.0&#8243; _module_preset=&#8221;default&#8221; max_height=&#8221;161px&#8221; global_colors_info=&#8221;{}&#8221;][\/et_pb_image][\/et_pb_column][et_pb_column type=&#8221;1_2&#8243; _builder_version=&#8221;4.16&#8243; _module_preset=&#8221;default&#8221; global_colors_info=&#8221;{}&#8221;][et_pb_contact_form _builder_version=&#8221;4.18.0&#8243; _module_preset=&#8221;default&#8221; _unique_id=&#8221;02d7768e-9f35-4c7e-b30b-c05d8309b7ab&#8221; custom_button=&#8221;on&#8221; button_text_color=&#8221;#0C71C3&#8243; global_colors_info=&#8221;{}&#8221;][et_pb_contact_field field_id=&#8221;Name&#8221; field_title=&#8221;Nombre&#8221; fullwidth_field=&#8221;on&#8221; _builder_version=&#8221;4.16&#8243; global_colors_info=&#8221;{}&#8221; button_text_size__hover_enabled=&#8221;off&#8221; button_one_text_size__hover_enabled=&#8221;off&#8221; button_two_text_size__hover_enabled=&#8221;off&#8221; button_text_color__hover_enabled=&#8221;off&#8221; button_one_text_color__hover_enabled=&#8221;off&#8221; button_two_text_color__hover_enabled=&#8221;off&#8221; button_border_width__hover_enabled=&#8221;off&#8221; button_one_border_width__hover_enabled=&#8221;off&#8221; button_two_border_width__hover_enabled=&#8221;off&#8221; button_border_color__hover_enabled=&#8221;off&#8221; button_one_border_color__hover_enabled=&#8221;off&#8221; button_two_border_color__hover_enabled=&#8221;off&#8221; button_border_radius__hover_enabled=&#8221;off&#8221; button_one_border_radius__hover_enabled=&#8221;off&#8221; button_two_border_radius__hover_enabled=&#8221;off&#8221; button_letter_spacing__hover_enabled=&#8221;off&#8221; button_one_letter_spacing__hover_enabled=&#8221;off&#8221; button_two_letter_spacing__hover_enabled=&#8221;off&#8221; button_bg_color__hover_enabled=&#8221;off&#8221; button_one_bg_color__hover_enabled=&#8221;off&#8221; button_two_bg_color__hover_enabled=&#8221;off&#8221;][\/et_pb_contact_field][et_pb_contact_field field_id=&#8221;Email&#8221; field_title=&#8221;Direcci\u00f3n de correo electr\u00f3nico&#8221; field_type=&#8221;email&#8221; fullwidth_field=&#8221;on&#8221; _builder_version=&#8221;4.16&#8243; global_colors_info=&#8221;{}&#8221; button_text_size__hover_enabled=&#8221;off&#8221; button_one_text_size__hover_enabled=&#8221;off&#8221; button_two_text_size__hover_enabled=&#8221;off&#8221; button_text_color__hover_enabled=&#8221;off&#8221; button_one_text_color__hover_enabled=&#8221;off&#8221; button_two_text_color__hover_enabled=&#8221;off&#8221; button_border_width__hover_enabled=&#8221;off&#8221; button_one_border_width__hover_enabled=&#8221;off&#8221; button_two_border_width__hover_enabled=&#8221;off&#8221; button_border_color__hover_enabled=&#8221;off&#8221; button_one_border_color__hover_enabled=&#8221;off&#8221; button_two_border_color__hover_enabled=&#8221;off&#8221; button_border_radius__hover_enabled=&#8221;off&#8221; button_one_border_radius__hover_enabled=&#8221;off&#8221; button_two_border_radius__hover_enabled=&#8221;off&#8221; button_letter_spacing__hover_enabled=&#8221;off&#8221; button_one_letter_spacing__hover_enabled=&#8221;off&#8221; button_two_letter_spacing__hover_enabled=&#8221;off&#8221; button_bg_color__hover_enabled=&#8221;off&#8221; button_one_bg_color__hover_enabled=&#8221;off&#8221; button_two_bg_color__hover_enabled=&#8221;off&#8221;][\/et_pb_contact_field][et_pb_contact_field field_id=&#8221;Asunto&#8221; field_title=&#8221;Asunto&#8221; fullwidth_field=&#8221;on&#8221; _builder_version=&#8221;4.16&#8243; _module_preset=&#8221;default&#8221; global_colors_info=&#8221;{}&#8221;][\/et_pb_contact_field][et_pb_contact_field field_id=&#8221;Message&#8221; field_title=&#8221;Mensaje&#8221; field_type=&#8221;text&#8221; fullwidth_field=&#8221;on&#8221; _builder_version=&#8221;4.16&#8243; global_colors_info=&#8221;{}&#8221; button_text_size__hover_enabled=&#8221;off&#8221; button_one_text_size__hover_enabled=&#8221;off&#8221; button_two_text_size__hover_enabled=&#8221;off&#8221; button_text_color__hover_enabled=&#8221;off&#8221; button_one_text_color__hover_enabled=&#8221;off&#8221; button_two_text_color__hover_enabled=&#8221;off&#8221; button_border_width__hover_enabled=&#8221;off&#8221; button_one_border_width__hover_enabled=&#8221;off&#8221; button_two_border_width__hover_enabled=&#8221;off&#8221; button_border_color__hover_enabled=&#8221;off&#8221; button_one_border_color__hover_enabled=&#8221;off&#8221; button_two_border_color__hover_enabled=&#8221;off&#8221; button_border_radius__hover_enabled=&#8221;off&#8221; button_one_border_radius__hover_enabled=&#8221;off&#8221; button_two_border_radius__hover_enabled=&#8221;off&#8221; button_letter_spacing__hover_enabled=&#8221;off&#8221; button_one_letter_spacing__hover_enabled=&#8221;off&#8221; button_two_letter_spacing__hover_enabled=&#8221;off&#8221; button_bg_color__hover_enabled=&#8221;off&#8221; button_one_bg_color__hover_enabled=&#8221;off&#8221; button_two_bg_color__hover_enabled=&#8221;off&#8221;][\/et_pb_contact_field][et_pb_contact_field field_id=&#8221;Field_5&#8243; field_title=&#8221;I am over 14 years of age and I ACCEPT the conditions set out in the Legal Notice and General Conditions.&#8221; field_type=&#8221;checkbox&#8221; checkbox_options=&#8221;%91{%22value%22:%22I ACCEPT%22,%22checked%22:0,%22dragID%22:-1}%93&#8243; fullwidth_field=&#8221;on&#8221; _builder_version=&#8221;4.18.0&#8243; _module_preset=&#8221;default&#8221; global_colors_info=&#8221;{}&#8221;][\/et_pb_contact_field][\/et_pb_contact_form][\/et_pb_column][\/et_pb_row][et_pb_row _builder_version=&#8221;4.18.0&#8243; _module_preset=&#8221;default&#8221; global_colors_info=&#8221;{}&#8221;][et_pb_column type=&#8221;4_4&#8243; _builder_version=&#8221;4.18.0&#8243; _module_preset=&#8221;default&#8221; global_colors_info=&#8221;{}&#8221;][et_pb_toggle title=&#8221;General Conditions&#8221; _builder_version=&#8221;4.18.0&#8243; _module_preset=&#8221;default&#8221; global_colors_info=&#8221;{}&#8221;]<\/p>\n<p>The personal data provided by means of this form will be recorded for processing, of which the Data Controller is Asociaci\u00f3n para la Promoci\u00f3n Comercial del Puerto de Huelva (\u201cHuelvaPort\u201d) and will be used for the purpose of answering queries raised. The Legitimation to carry out this processing is based on your consent. You may exercise your rights of access, rectification, erasure (\u201cright to be forgotten\u201d), restriction of processing, data portability and to object by contacting the data controller, in accordance with the provisions of Articles 15 et seq. of the RGPD and Articles 12 et seq. of the LOPDGDD by writing to Lonja de la Innovaci\u00f3n. Puente Pt, Muelle de Levante 1 \u2013 21001, Huelva. The data will be retained for as long as is necessary to comply with the aforementioned regulations.<\/p>\n<p>Please refer to our Legal Notice for further information: <span><a href=\"https:\/\/asociacionhuelvaport.com\/en\/legal-notice\/\"><strong>https:\/\/asociacionhuelvaport.com\/en\/legal-notice\/<\/strong><\/a><\/span><\/p>\n<p>&nbsp;<\/p>\n<p><strong>In addition you can contact DP-CONTROL<\/strong><strong>:<\/strong><\/p>\n<p><span><a href=\"mailto:dp-control@dp-control.es\"><strong>dp-control@dp-control.es<\/strong><\/a><\/span><\/p>\n<p>[\/et_pb_toggle][\/et_pb_column][\/et_pb_row][\/et_pb_section][et_pb_section fb_built=&#8221;1&#8243; _builder_version=&#8221;4.16&#8243; _module_preset=&#8221;default&#8221; global_colors_info=&#8221;{}&#8221;][et_pb_row _builder_version=&#8221;4.16&#8243; _module_preset=&#8221;default&#8221; custom_padding=&#8221;||14px||false|false&#8221; border_width_bottom=&#8221;2px&#8221; border_color_bottom=&#8221;#000000&#8243; global_colors_info=&#8221;{}&#8221;][et_pb_column type=&#8221;4_4&#8243; _builder_version=&#8221;4.16&#8243; _module_preset=&#8221;default&#8221; global_colors_info=&#8221;{}&#8221;][et_pb_text _builder_version=&#8221;4.16&#8243; _module_preset=&#8221;default&#8221; global_colors_info=&#8221;{}&#8221;]<\/p>\n<h1 style=\"text-align: center;\"><strong>HuelvaPort Technical Office<\/strong><\/h1>\n<p>[\/et_pb_text][\/et_pb_column][\/et_pb_row][et_pb_row _builder_version=&#8221;4.16&#8243; _module_preset=&#8221;default&#8221; global_colors_info=&#8221;{}&#8221;][et_pb_column type=&#8221;4_4&#8243; _builder_version=&#8221;4.16&#8243; _module_preset=&#8221;default&#8221; global_colors_info=&#8221;{}&#8221;][et_pb_image src=&#8221;http:\/\/asociacionhuelvaport.com\/wp-content\/uploads\/2024\/02\/Soledad-Mejias.jpg&#8221; alt=&#8221;Soledad Mej\u00edas&#8221; title_text=&#8221;Soledad Mej\u00edas&#8221; _builder_version=&#8221;4.27.0&#8243; _module_preset=&#8221;default&#8221; hover_enabled=&#8221;0&#8243; global_colors_info=&#8221;{}&#8221; width=&#8221;57%&#8221; max_width=&#8221;57%&#8221; sticky_enabled=&#8221;0&#8243; align=&#8221;center&#8221;][\/et_pb_image][\/et_pb_column][\/et_pb_row][et_pb_row _builder_version=&#8221;4.16&#8243; _module_preset=&#8221;default&#8221; global_colors_info=&#8221;{}&#8221;][et_pb_column type=&#8221;4_4&#8243; _builder_version=&#8221;4.16&#8243; _module_preset=&#8221;default&#8221; global_colors_info=&#8221;{}&#8221;][et_pb_text _builder_version=&#8221;4.24.2&#8243; _module_preset=&#8221;default&#8221; global_colors_info=&#8221;{}&#8221;]<\/p>\n<h6 class=\"q_team_name\" style=\"text-align: center;\"><span><strong>SOLEDAD MEJ\u00cdAS ROMERO<\/strong><\/span><\/h6>\n<p style=\"text-align: center;\">Commercial and Business Development Technician<\/p>\n<p style=\"text-align: center;\"><i>soledad.mejias@huelvaport.com<\/i><\/p>\n<p style=\"text-align: center;\"><em>+34 655 38 90 13<\/em><\/p>\n<p>[\/et_pb_text][\/et_pb_column][\/et_pb_row][et_pb_row _builder_version=&#8221;4.18.0&#8243; _module_preset=&#8221;default&#8221; global_colors_info=&#8221;{}&#8221;][et_pb_column type=&#8221;4_4&#8243; _builder_version=&#8221;4.18.0&#8243; _module_preset=&#8221;default&#8221; global_colors_info=&#8221;{}&#8221;][et_pb_text _builder_version=&#8221;4.18.0&#8243; _module_preset=&#8221;default&#8221; global_colors_info=&#8221;{}&#8221;]<\/p>\n<h1 style=\"text-align: center;\"><strong>Location<\/strong><\/h1>\n<p>[\/et_pb_text][\/et_pb_column][\/et_pb_row][et_pb_row _builder_version=&#8221;4.18.0&#8243; _module_preset=&#8221;default&#8221; global_colors_info=&#8221;{}&#8221;][et_pb_column type=&#8221;4_4&#8243; _builder_version=&#8221;4.18.0&#8243; _module_preset=&#8221;default&#8221; global_colors_info=&#8221;{}&#8221;][et_pb_image src=&#8221;http:\/\/asociacionhuelvaport.com\/wp-content\/uploads\/2024\/02\/ubica.png&#8221; alt=&#8221;ubicaci\u00f3n HuelvaPort&#8221; title_text=&#8221;ubica&#8221; align=&#8221;center&#8221; _builder_version=&#8221;4.18.0&#8243; _module_preset=&#8221;default&#8221; max_height=&#8221;185px&#8221; custom_margin=&#8221;-29px||-26px||false|false&#8221; global_colors_info=&#8221;{}&#8221;][\/et_pb_image][\/et_pb_column][\/et_pb_row][\/et_pb_section][et_pb_section fb_built=&#8221;1&#8243; fullwidth=&#8221;on&#8221; _builder_version=&#8221;4.16&#8243; _module_preset=&#8221;default&#8221; global_colors_info=&#8221;{}&#8221;][et_pb_fullwidth_code _builder_version=&#8221;4.16&#8243; _module_preset=&#8221;default&#8221; width=&#8221;100%&#8221; max_width=&#8221;100%&#8221; custom_margin=&#8221;0px|0px|0px|0px|false|false&#8221; custom_padding=&#8221;0px|0px|0px|0px|false|false&#8221; global_colors_info=&#8221;{}&#8221;]<iframe src=\"https:\/\/www.google.com\/maps\/embed?pb=!1m18!1m12!1m3!1d3175.6456858439956!2d-6.960621984478019!3d37.25611314960202!2m3!1f0!2f0!3f0!3m2!1i1024!2i768!4f13.1!3m3!1m2!1s0xd11d02e8682e179%3A0xd061383532a92a10!2sAutoridad%20Portuaria%20de%20Huelva!5e0!3m2!1ses!2ses!4v1637666933016!5m2!1ses!2ses\" width=\"100%\" height=\"450\" style=\"border:0;\" allowfullscreen=\"\" loading=\"lazy\"><\/iframe>[\/et_pb_fullwidth_code][\/et_pb_section]<\/p>\n","protected":false},"excerpt":{"rendered":"<p>CONTACT all the contact information of huelvaport&#8217;s technical office.Contact usAt HuelvaPort we want to be a close and accessible organisation. We put at your disposal our contact details so that you can ask us for information, answer any questions or if you wish to leave a comment. Contact us, we will be delighted to help [&hellip;]<\/p>\n","protected":false},"author":1,"featured_media":0,"parent":0,"menu_order":0,"comment_status":"closed","ping_status":"closed","template":"","meta":{"_et_pb_use_builder":"on","_et_pb_old_content":"","_et_gb_content_width":"","_monsterinsights_skip_tracking":false,"_monsterinsights_sitenote_active":false,"_monsterinsights_sitenote_note":"","_monsterinsights_sitenote_category":0,"footnotes":""},"class_list":["post-681","page","type-page","status-publish","hentry"],"yoast_head":"<!-- This site is optimized with the Yoast SEO plugin v23.1 - https:\/\/yoast.com\/wordpress\/plugins\/seo\/ -->\n<title>Contact - Asociaci\u00f3n HuelvaPort<\/title>\n<meta name=\"robots\" content=\"index, follow, max-snippet:-1, max-image-preview:large, max-video-preview:-1\" \/>\n<link rel=\"canonical\" href=\"https:\/\/asociacionhuelvaport.com\/contacto\/\" \/>\n<meta property=\"og:locale\" content=\"en_US\" \/>\n<meta property=\"og:type\" content=\"article\" \/>\n<meta property=\"og:title\" content=\"Contact - Asociaci\u00f3n HuelvaPort\" \/>\n<meta property=\"og:description\" content=\"CONTACT all the contact information of huelvaport&#039;s technical office.Contact usAt HuelvaPort we want to be a close and accessible organisation. We put at your disposal our contact details so that you can ask us for information, answer any questions or if you wish to leave a comment. Contact us, we will be delighted to help [&hellip;]\" \/>\n<meta property=\"og:url\" content=\"https:\/\/asociacionhuelvaport.com\/contacto\/\" \/>\n<meta property=\"og:site_name\" content=\"Asociaci\u00f3n HuelvaPort\" \/>\n<meta property=\"article:publisher\" content=\"https:\/\/www.facebook.com\/HuelvaPort\/\" \/>\n<meta property=\"article:modified_time\" content=\"2026-03-17T20:10:29+00:00\" \/>\n<meta name=\"twitter:card\" content=\"summary_large_image\" \/>\n<meta name=\"twitter:site\" content=\"@HuelvaPort\" \/>\n<meta name=\"twitter:label1\" content=\"Est. reading time\" \/>\n\t<meta name=\"twitter:data1\" content=\"7 minutes\" \/>\n<script type=\"application\/ld+json\" class=\"yoast-schema-graph\">{\"@context\":\"https:\/\/schema.org\",\"@graph\":[{\"@type\":\"WebPage\",\"@id\":\"https:\/\/asociacionhuelvaport.com\/contacto\/\",\"url\":\"https:\/\/asociacionhuelvaport.com\/contacto\/\",\"name\":\"Contact - Asociaci\u00f3n HuelvaPort\",\"isPartOf\":{\"@id\":\"https:\/\/asociacionhuelvaport.com\/#website\"},\"datePublished\":\"2021-11-24T10:12:22+00:00\",\"dateModified\":\"2026-03-17T20:10:29+00:00\",\"breadcrumb\":{\"@id\":\"https:\/\/asociacionhuelvaport.com\/contacto\/#breadcrumb\"},\"inLanguage\":\"en-US\",\"potentialAction\":[{\"@type\":\"ReadAction\",\"target\":[\"https:\/\/asociacionhuelvaport.com\/contacto\/\"]}]},{\"@type\":\"BreadcrumbList\",\"@id\":\"https:\/\/asociacionhuelvaport.com\/contacto\/#breadcrumb\",\"itemListElement\":[{\"@type\":\"ListItem\",\"position\":1,\"name\":\"Portada\",\"item\":\"https:\/\/asociacionhuelvaport.com\/\"},{\"@type\":\"ListItem\",\"position\":2,\"name\":\"Contact\"}]},{\"@type\":\"WebSite\",\"@id\":\"https:\/\/asociacionhuelvaport.com\/#website\",\"url\":\"https:\/\/asociacionhuelvaport.com\/\",\"name\":\"Asociaci\u00f3n HuelvaPort\",\"description\":\"Asociaci\u00f3n para la Promoci\u00f3n Comercial del Puerto de Huelva\",\"publisher\":{\"@id\":\"https:\/\/asociacionhuelvaport.com\/#organization\"},\"potentialAction\":[{\"@type\":\"SearchAction\",\"target\":{\"@type\":\"EntryPoint\",\"urlTemplate\":\"https:\/\/asociacionhuelvaport.com\/?s={search_term_string}\"},\"query-input\":\"required name=search_term_string\"}],\"inLanguage\":\"en-US\"},{\"@type\":\"Organization\",\"@id\":\"https:\/\/asociacionhuelvaport.com\/#organization\",\"name\":\"Asociaci\u00f3n HuelvaPort\",\"url\":\"https:\/\/asociacionhuelvaport.com\/\",\"logo\":{\"@type\":\"ImageObject\",\"inLanguage\":\"en-US\",\"@id\":\"https:\/\/asociacionhuelvaport.com\/#\/schema\/logo\/image\/\",\"url\":\"https:\/\/asociacionhuelvaport.com\/wp-content\/uploads\/2024\/03\/cropped-Diseno-sin-titulo-1.png\",\"contentUrl\":\"https:\/\/asociacionhuelvaport.com\/wp-content\/uploads\/2024\/03\/cropped-Diseno-sin-titulo-1.png\",\"width\":512,\"height\":512,\"caption\":\"Asociaci\u00f3n HuelvaPort\"},\"image\":{\"@id\":\"https:\/\/asociacionhuelvaport.com\/#\/schema\/logo\/image\/\"},\"sameAs\":[\"https:\/\/www.facebook.com\/HuelvaPort\/\",\"https:\/\/x.com\/HuelvaPort\",\"https:\/\/www.linkedin.com\/company\/huelvaport\/\"]}]}<\/script>\n<!-- \/ Yoast SEO plugin. -->","yoast_head_json":{"title":"Contact - Asociaci\u00f3n HuelvaPort","robots":{"index":"index","follow":"follow","max-snippet":"max-snippet:-1","max-image-preview":"max-image-preview:large","max-video-preview":"max-video-preview:-1"},"canonical":"https:\/\/asociacionhuelvaport.com\/contacto\/","og_locale":"en_US","og_type":"article","og_title":"Contact - Asociaci\u00f3n HuelvaPort","og_description":"CONTACT all the contact information of huelvaport's technical office.Contact usAt HuelvaPort we want to be a close and accessible organisation. We put at your disposal our contact details so that you can ask us for information, answer any questions or if you wish to leave a comment. Contact us, we will be delighted to help [&hellip;]","og_url":"https:\/\/asociacionhuelvaport.com\/contacto\/","og_site_name":"Asociaci\u00f3n HuelvaPort","article_publisher":"https:\/\/www.facebook.com\/HuelvaPort\/","article_modified_time":"2026-03-17T20:10:29+00:00","twitter_card":"summary_large_image","twitter_site":"@HuelvaPort","twitter_misc":{"Est. reading time":"7 minutes"},"schema":{"@context":"https:\/\/schema.org","@graph":[{"@type":"WebPage","@id":"https:\/\/asociacionhuelvaport.com\/contacto\/","url":"https:\/\/asociacionhuelvaport.com\/contacto\/","name":"Contact - Asociaci\u00f3n HuelvaPort","isPartOf":{"@id":"https:\/\/asociacionhuelvaport.com\/#website"},"datePublished":"2021-11-24T10:12:22+00:00","dateModified":"2026-03-17T20:10:29+00:00","breadcrumb":{"@id":"https:\/\/asociacionhuelvaport.com\/contacto\/#breadcrumb"},"inLanguage":"en-US","potentialAction":[{"@type":"ReadAction","target":["https:\/\/asociacionhuelvaport.com\/contacto\/"]}]},{"@type":"BreadcrumbList","@id":"https:\/\/asociacionhuelvaport.com\/contacto\/#breadcrumb","itemListElement":[{"@type":"ListItem","position":1,"name":"Portada","item":"https:\/\/asociacionhuelvaport.com\/"},{"@type":"ListItem","position":2,"name":"Contact"}]},{"@type":"WebSite","@id":"https:\/\/asociacionhuelvaport.com\/#website","url":"https:\/\/asociacionhuelvaport.com\/","name":"Asociaci\u00f3n HuelvaPort","description":"Asociaci\u00f3n para la Promoci\u00f3n Comercial del Puerto de Huelva","publisher":{"@id":"https:\/\/asociacionhuelvaport.com\/#organization"},"potentialAction":[{"@type":"SearchAction","target":{"@type":"EntryPoint","urlTemplate":"https:\/\/asociacionhuelvaport.com\/?s={search_term_string}"},"query-input":"required name=search_term_string"}],"inLanguage":"en-US"},{"@type":"Organization","@id":"https:\/\/asociacionhuelvaport.com\/#organization","name":"Asociaci\u00f3n HuelvaPort","url":"https:\/\/asociacionhuelvaport.com\/","logo":{"@type":"ImageObject","inLanguage":"en-US","@id":"https:\/\/asociacionhuelvaport.com\/#\/schema\/logo\/image\/","url":"https:\/\/asociacionhuelvaport.com\/wp-content\/uploads\/2024\/03\/cropped-Diseno-sin-titulo-1.png","contentUrl":"https:\/\/asociacionhuelvaport.com\/wp-content\/uploads\/2024\/03\/cropped-Diseno-sin-titulo-1.png","width":512,"height":512,"caption":"Asociaci\u00f3n HuelvaPort"},"image":{"@id":"https:\/\/asociacionhuelvaport.com\/#\/schema\/logo\/image\/"},"sameAs":["https:\/\/www.facebook.com\/HuelvaPort\/","https:\/\/x.com\/HuelvaPort","https:\/\/www.linkedin.com\/company\/huelvaport\/"]}]}},"_links":{"self":[{"href":"https:\/\/asociacionhuelvaport.com\/en\/wp-json\/wp\/v2\/pages\/681","targetHints":{"allow":["GET"]}}],"collection":[{"href":"https:\/\/asociacionhuelvaport.com\/en\/wp-json\/wp\/v2\/pages"}],"about":[{"href":"https:\/\/asociacionhuelvaport.com\/en\/wp-json\/wp\/v2\/types\/page"}],"author":[{"embeddable":true,"href":"https:\/\/asociacionhuelvaport.com\/en\/wp-json\/wp\/v2\/users\/1"}],"replies":[{"embeddable":true,"href":"https:\/\/asociacionhuelvaport.com\/en\/wp-json\/wp\/v2\/comments?post=681"}],"version-history":[{"count":20,"href":"https:\/\/asociacionhuelvaport.com\/en\/wp-json\/wp\/v2\/pages\/681\/revisions"}],"predecessor-version":[{"id":5944,"href":"https:\/\/asociacionhuelvaport.com\/en\/wp-json\/wp\/v2\/pages\/681\/revisions\/5944"}],"wp:attachment":[{"href":"https:\/\/asociacionhuelvaport.com\/en\/wp-json\/wp\/v2\/media?parent=681"}],"curies":[{"name":"wp","href":"https:\/\/api.w.org\/{rel}","templated":true}]}}