{"id":686,"date":"2021-11-24T10:33:06","date_gmt":"2021-11-24T10:33:06","guid":{"rendered":"https:\/\/asociacionhuelvaport.com\/organisation-chart\/"},"modified":"2025-11-25T11:59:04","modified_gmt":"2025-11-25T11:59:04","slug":"organisation-chart","status":"publish","type":"page","link":"https:\/\/asociacionhuelvaport.com\/en\/organisation-chart\/","title":{"rendered":"Organisation chart"},"content":{"rendered":"<p>[et_pb_section fb_built=&#8221;1&#8243; _builder_version=&#8221;4.16&#8243; _module_preset=&#8221;default&#8221; background_color=&#8221;#0a68b5&#8243; background_image=&#8221;http:\/\/asociacionhuelvaport.com\/wp-content\/uploads\/2021\/11\/banner-huelvaport-1.png&#8221; background_blend=&#8221;soft-light&#8221; custom_padding=&#8221;10px||10px||true|&#8221; global_colors_info=&#8221;{}&#8221;][et_pb_row _builder_version=&#8221;4.16&#8243; _module_preset=&#8221;default&#8221; global_colors_info=&#8221;{}&#8221;][et_pb_column type=&#8221;4_4&#8243; _builder_version=&#8221;4.16&#8243; _module_preset=&#8221;default&#8221; global_colors_info=&#8221;{}&#8221;][et_pb_text _builder_version=&#8221;4.16&#8243; _module_preset=&#8221;default&#8221; text_font=&#8221;|||on|||||&#8221; text_text_color=&#8221;#FFFFFF&#8221; header_4_text_color=&#8221;#FFFFFF&#8221; header_4_font_size=&#8221;54px&#8221; header_4_font_size_tablet=&#8221;&#8221; header_4_font_size_phone=&#8221;31px&#8221; header_4_font_size_last_edited=&#8221;on|phone&#8221; global_colors_info=&#8221;{}&#8221;]<\/p>\n<h4><strong>ORGANISATION CHART<\/strong><\/h4>\n<p>BODIES AND MEMBERS THAT MAKE UP THE HUELVAPORT ASSOCIATION.<\/p>\n<p>[\/et_pb_text][\/et_pb_column][\/et_pb_row][\/et_pb_section][et_pb_section fb_built=&#8221;1&#8243; _builder_version=&#8221;4.16&#8243; _module_preset=&#8221;default&#8221; global_colors_info=&#8221;{}&#8221;][et_pb_row column_structure=&#8221;1_2,1_2&#8243; _builder_version=&#8221;4.16&#8243; _module_preset=&#8221;default&#8221; global_colors_info=&#8221;{}&#8221;][et_pb_column type=&#8221;1_2&#8243; _builder_version=&#8221;4.16&#8243; _module_preset=&#8221;default&#8221; global_colors_info=&#8221;{}&#8221;][et_pb_text _builder_version=&#8221;4.16&#8243; _module_preset=&#8221;default&#8221; custom_margin=&#8221;||-2px|||&#8221; custom_padding=&#8221;0px||0px|||&#8221; animation_style=&#8221;zoom&#8221; global_colors_info=&#8221;{}&#8221;]<\/p>\n<h1 style=\"text-align: left;\"><span style=\"color: #000000;\"><strong>General Assembly<\/strong><\/span><strong><\/strong><\/h1>\n<p><strong><\/strong><span style=\"color: #993300;\"><a href=\"https:\/\/asociacionhuelvaport.com\/en\/members\/\" style=\"color: #993300;\">VIEW PARTNER CATALOG<\/a><\/span><\/p>\n<p>&nbsp;<\/p>\n<p>[\/et_pb_text][et_pb_text _builder_version=&#8221;4.16&#8243; _module_preset=&#8221;default&#8221; custom_margin=&#8221;||-2px|||&#8221; custom_padding=&#8221;0px||0px|||&#8221; animation_style=&#8221;zoom&#8221; global_colors_info=&#8221;{}&#8221;]<\/p>\n<h1 style=\"text-align: left;\"><span style=\"color: #000000;\"><strong>Board of Directors<\/strong><\/span><strong><\/strong><span style=\"color: #993300;\"><a href=\"https:\/\/asociacionhuelvaport.com\/en\/members\/\" style=\"color: #993300;\"><\/a><\/span><\/h1>\n<p>&nbsp;<\/p>\n<p>[\/et_pb_text][et_pb_blurb title=&#8221;PRESIDENT&#8221; use_icon=&#8221;on&#8221; font_icon=&#8221;&#xf105;||fa||900&#8243; icon_color=&#8221;#4c5e7c&#8221; icon_placement=&#8221;left&#8221; _builder_version=&#8221;4.16&#8243; _module_preset=&#8221;default&#8221; header_font=&#8221;|700|||||||&#8221; header_text_color=&#8221;#a53817&#8243; body_text_color=&#8221;#064482&#8243; body_line_height=&#8221;1em&#8221; global_colors_info=&#8221;{}&#8221;]<\/p>\n<h3>ANTONIO PONCE FERN\u00c1NDEZ<\/h3>\n<p>Nuevo Astillero de Huelva<\/p>\n<p>[\/et_pb_blurb][et_pb_blurb title=&#8221;VICEPRESIDENTE&#8221; use_icon=&#8221;on&#8221; font_icon=&#8221;&#xf105;||fa||900&#8243; icon_color=&#8221;#4c5e7c&#8221; icon_placement=&#8221;left&#8221; _builder_version=&#8221;4.18.0&#8243; _module_preset=&#8221;default&#8221; header_font=&#8221;|700|||||||&#8221; header_text_color=&#8221;#a53817&#8243; body_text_color=&#8221;#064482&#8243; body_line_height=&#8221;1em&#8221; global_colors_info=&#8221;{}&#8221;]<\/p>\n<h3>JUAN DEMETRIO DEL OLMO MART\u00cdN<\/h3>\n<p>Head of the LNG Plant in Huelva of Enag\u00e1s Transporte, S.A.U.<\/p>\n<p>&nbsp;<\/p>\n<p>[\/et_pb_blurb][et_pb_blurb title=&#8221;TREASURER&#8221; use_icon=&#8221;on&#8221; font_icon=&#8221;&#xf105;||fa||900&#8243; icon_color=&#8221;#4c5e7c&#8221; icon_placement=&#8221;left&#8221; _builder_version=&#8221;4.18.0&#8243; _module_preset=&#8221;default&#8221; header_font=&#8221;|700|||||||&#8221; header_text_color=&#8221;#a53817&#8243; body_text_color=&#8221;#064482&#8243; body_line_height=&#8221;1em&#8221; global_colors_info=&#8221;{}&#8221;]<\/p>\n<h3>JAVIER PE\u00d1A D\u00cdAZ DE ENTRESOTOS<\/h3>\n<p>General Manager of Impala Terminals Huelva<\/p>\n<h5 style=\"text-align: center;\"><\/h5>\n<p>[\/et_pb_blurb][et_pb_blurb title=&#8221;VOCAL | EX OFFICIO MEMBER&#8221; use_icon=&#8221;on&#8221; font_icon=&#8221;&#xf105;||fa||900&#8243; icon_color=&#8221;#4c5e7c&#8221; icon_placement=&#8221;left&#8221; _builder_version=&#8221;4.27.0&#8243; _module_preset=&#8221;default&#8221; header_font=&#8221;|700|||||||&#8221; header_text_color=&#8221;#a53817&#8243; body_text_color=&#8221;#064482&#8243; body_line_height=&#8221;1em&#8221; global_colors_info=&#8221;{}&#8221;]<\/p>\n<h3><\/h3>\n<p>Port Authority of Huelva<\/p>\n<h3><\/h3>\n<h5 style=\"text-align: center;\"><\/h5>\n<p>[\/et_pb_blurb][\/et_pb_column][et_pb_column type=&#8221;1_2&#8243; _builder_version=&#8221;4.16&#8243; _module_preset=&#8221;default&#8221; global_colors_info=&#8221;{}&#8221;][et_pb_blurb title=&#8221;VOCALS&#8221; use_icon=&#8221;on&#8221; font_icon=&#8221;&#xf105;||fa||900&#8243; icon_color=&#8221;#4c5e7c&#8221; icon_placement=&#8221;left&#8221; _builder_version=&#8221;4.24.2&#8243; _module_preset=&#8221;default&#8221; header_font=&#8221;|700|||||||&#8221; header_text_color=&#8221;#a53817&#8243; body_text_color=&#8221;#064482&#8243; body_line_height=&#8221;1em&#8221; global_colors_info=&#8221;{}&#8221;]<\/p>\n<h3>Esteban S\u00e1nchez Bernab\u00e9<\/h3>\n<p>General Manager of Grupo Transonuba, S.L.<\/p>\n<p>&nbsp;<\/p>\n<h3>Diego Mart\u00ednez Camacho<\/h3>\n<p>Logistics Manager at Cargo Terminals at RENFE Mercanc\u00edas, S.A.<\/p>\n<p>&nbsp;<\/p>\n<h3>Jos\u00e9 Luis Garc\u00eda Palacios<\/h3>\n<p>President of the Federaci\u00f3n Onubense de Empresarios (Huelva Businessmen Federation)<\/p>\n<p>&nbsp;<\/p>\n<h3>Alberto Espa\u00f1a Prieto<\/h3>\n<p>C\u00e1mara de Comercio de Huelva<\/p>\n<p>&nbsp;<\/p>\n<h3>Daniel Nieto Castilla<\/h3>\n<p>Head of Cepsa Petronuba<\/p>\n<p>&nbsp;<\/p>\n<h3>Carlos N\u00e1rdiz Mart\u00edn<\/h3>\n<p>Director of Operations and Port Terminals at Ership<\/p>\n<p>&nbsp;<\/p>\n<h3>Ver\u00f3nica Vargas<\/h3>\n<p>Operations Manager en Next Maritime<\/p>\n<p>&nbsp;<\/p>\n<p>&nbsp;<\/p>\n<h5 style=\"text-align: center;\"><\/h5>\n<p>[\/et_pb_blurb][\/et_pb_column][\/et_pb_row][et_pb_row column_structure=&#8221;1_2,1_2&#8243; _builder_version=&#8221;4.16&#8243; _module_preset=&#8221;default&#8221; global_colors_info=&#8221;{}&#8221;][et_pb_column type=&#8221;1_2&#8243; _builder_version=&#8221;4.16&#8243; _module_preset=&#8221;default&#8221; global_colors_info=&#8221;{}&#8221;][et_pb_text _builder_version=&#8221;4.16&#8243; _module_preset=&#8221;default&#8221; custom_margin=&#8221;||-2px|||&#8221; custom_padding=&#8221;0px||0px|||&#8221; animation_style=&#8221;zoom&#8221; global_colors_info=&#8221;{}&#8221;]<\/p>\n<h1 style=\"text-align: left;\"><span style=\"color: #000000;\"><strong>Secretary<\/strong><\/span><strong><\/strong><span style=\"color: #993300;\"><a href=\"https:\/\/asociacionhuelvaport.com\/en\/members\/\" style=\"color: #993300;\"><\/a><\/span><\/h1>\n<p>&nbsp;<\/p>\n<p>[\/et_pb_text][et_pb_blurb title=&#8221;SECRETARY&#8221; use_icon=&#8221;on&#8221; font_icon=&#8221;&#xf105;||fa||900&#8243; icon_color=&#8221;#4c5e7c&#8221; icon_placement=&#8221;left&#8221; _builder_version=&#8221;4.16&#8243; _module_preset=&#8221;default&#8221; header_font=&#8221;|700|||||||&#8221; header_text_color=&#8221;#a53817&#8243; body_text_color=&#8221;#064482&#8243; body_line_height=&#8221;1em&#8221; global_colors_info=&#8221;{}&#8221;]<\/p>\n<h3>Francisco Javier Capit\u00e1n M\u00e1rquez<\/h3>\n<p>Head of the General Secretariat of the Port Authority of Huelva<\/p>\n<h5 style=\"text-align: center;\"><\/h5>\n<p>[\/et_pb_blurb][\/et_pb_column][et_pb_column type=&#8221;1_2&#8243; _builder_version=&#8221;4.16&#8243; _module_preset=&#8221;default&#8221; global_colors_info=&#8221;{}&#8221;][\/et_pb_column][\/et_pb_row][\/et_pb_section][et_pb_section fb_built=&#8221;1&#8243; _builder_version=&#8221;4.16&#8243; _module_preset=&#8221;default&#8221; background_image=&#8221;http:\/\/asociacionhuelvaport.com\/wp-content\/uploads\/2021\/11\/organigrama-page.jpg&#8221; custom_padding=&#8221;191px||191px||true|&#8221; global_colors_info=&#8221;{}&#8221;][\/et_pb_section]<\/p>\n","protected":false},"excerpt":{"rendered":"<p>ORGANISATION CHART BODIES AND MEMBERS THAT MAKE UP THE HUELVAPORT ASSOCIATION.General Assembly VIEW PARTNER CATALOG &nbsp;Board of Directors &nbsp;ANTONIO PONCE FERN\u00c1NDEZ Nuevo Astillero de HuelvaJUAN DEMETRIO DEL OLMO MART\u00cdN Head of the LNG Plant in Huelva of Enag\u00e1s Transporte, S.A.U. &nbsp;JAVIER PE\u00d1A D\u00cdAZ DE ENTRESOTOS General Manager of Impala Terminals Huelva Port Authority of Huelva [&hellip;]<\/p>\n","protected":false},"author":1,"featured_media":0,"parent":0,"menu_order":0,"comment_status":"closed","ping_status":"closed","template":"","meta":{"_et_pb_use_builder":"on","_et_pb_old_content":"","_et_gb_content_width":"","_monsterinsights_skip_tracking":false,"_monsterinsights_sitenote_active":false,"_monsterinsights_sitenote_note":"","_monsterinsights_sitenote_category":0,"footnotes":""},"class_list":["post-686","page","type-page","status-publish","hentry"],"yoast_head":"<!-- This site is optimized with the Yoast SEO plugin v23.1 - https:\/\/yoast.com\/wordpress\/plugins\/seo\/ -->\n<title>Organisation chart - Asociaci\u00f3n HuelvaPort<\/title>\n<meta name=\"robots\" content=\"index, follow, max-snippet:-1, max-image-preview:large, max-video-preview:-1\" \/>\n<link rel=\"canonical\" href=\"https:\/\/asociacionhuelvaport.com\/en\/organisation-chart\/\" \/>\n<meta property=\"og:locale\" content=\"en_US\" \/>\n<meta property=\"og:type\" content=\"article\" \/>\n<meta property=\"og:title\" content=\"Organisation chart - Asociaci\u00f3n HuelvaPort\" \/>\n<meta property=\"og:description\" content=\"ORGANISATION CHART BODIES AND MEMBERS THAT MAKE UP THE HUELVAPORT ASSOCIATION.General Assembly VIEW PARTNER CATALOG &nbsp;Board of Directors &nbsp;ANTONIO PONCE FERN\u00c1NDEZ Nuevo Astillero de HuelvaJUAN DEMETRIO DEL OLMO MART\u00cdN Head of the LNG Plant in Huelva of Enag\u00e1s Transporte, S.A.U. &nbsp;JAVIER PE\u00d1A D\u00cdAZ DE ENTRESOTOS General Manager of Impala Terminals Huelva Port Authority of Huelva [&hellip;]\" \/>\n<meta property=\"og:url\" content=\"https:\/\/asociacionhuelvaport.com\/en\/organisation-chart\/\" \/>\n<meta property=\"og:site_name\" content=\"Asociaci\u00f3n HuelvaPort\" \/>\n<meta property=\"article:publisher\" content=\"https:\/\/www.facebook.com\/HuelvaPort\/\" \/>\n<meta property=\"article:modified_time\" content=\"2025-11-25T11:59:04+00:00\" \/>\n<meta name=\"twitter:card\" content=\"summary_large_image\" \/>\n<meta name=\"twitter:site\" content=\"@HuelvaPort\" \/>\n<meta name=\"twitter:label1\" content=\"Est. reading time\" \/>\n\t<meta name=\"twitter:data1\" content=\"4 minutes\" \/>\n<script type=\"application\/ld+json\" class=\"yoast-schema-graph\">{\"@context\":\"https:\/\/schema.org\",\"@graph\":[{\"@type\":\"WebPage\",\"@id\":\"https:\/\/asociacionhuelvaport.com\/en\/organisation-chart\/\",\"url\":\"https:\/\/asociacionhuelvaport.com\/en\/organisation-chart\/\",\"name\":\"Organisation chart - Asociaci\u00f3n HuelvaPort\",\"isPartOf\":{\"@id\":\"https:\/\/asociacionhuelvaport.com\/#website\"},\"datePublished\":\"2021-11-24T10:33:06+00:00\",\"dateModified\":\"2025-11-25T11:59:04+00:00\",\"breadcrumb\":{\"@id\":\"https:\/\/asociacionhuelvaport.com\/en\/organisation-chart\/#breadcrumb\"},\"inLanguage\":\"en-US\",\"potentialAction\":[{\"@type\":\"ReadAction\",\"target\":[\"https:\/\/asociacionhuelvaport.com\/en\/organisation-chart\/\"]}]},{\"@type\":\"BreadcrumbList\",\"@id\":\"https:\/\/asociacionhuelvaport.com\/en\/organisation-chart\/#breadcrumb\",\"itemListElement\":[{\"@type\":\"ListItem\",\"position\":1,\"name\":\"Portada\",\"item\":\"https:\/\/asociacionhuelvaport.com\/\"},{\"@type\":\"ListItem\",\"position\":2,\"name\":\"Organisation chart\"}]},{\"@type\":\"WebSite\",\"@id\":\"https:\/\/asociacionhuelvaport.com\/#website\",\"url\":\"https:\/\/asociacionhuelvaport.com\/\",\"name\":\"Asociaci\u00f3n HuelvaPort\",\"description\":\"Asociaci\u00f3n para la Promoci\u00f3n Comercial del Puerto de Huelva\",\"publisher\":{\"@id\":\"https:\/\/asociacionhuelvaport.com\/#organization\"},\"potentialAction\":[{\"@type\":\"SearchAction\",\"target\":{\"@type\":\"EntryPoint\",\"urlTemplate\":\"https:\/\/asociacionhuelvaport.com\/?s={search_term_string}\"},\"query-input\":\"required name=search_term_string\"}],\"inLanguage\":\"en-US\"},{\"@type\":\"Organization\",\"@id\":\"https:\/\/asociacionhuelvaport.com\/#organization\",\"name\":\"Asociaci\u00f3n HuelvaPort\",\"url\":\"https:\/\/asociacionhuelvaport.com\/\",\"logo\":{\"@type\":\"ImageObject\",\"inLanguage\":\"en-US\",\"@id\":\"https:\/\/asociacionhuelvaport.com\/#\/schema\/logo\/image\/\",\"url\":\"https:\/\/asociacionhuelvaport.com\/wp-content\/uploads\/2024\/03\/cropped-Diseno-sin-titulo-1.png\",\"contentUrl\":\"https:\/\/asociacionhuelvaport.com\/wp-content\/uploads\/2024\/03\/cropped-Diseno-sin-titulo-1.png\",\"width\":512,\"height\":512,\"caption\":\"Asociaci\u00f3n HuelvaPort\"},\"image\":{\"@id\":\"https:\/\/asociacionhuelvaport.com\/#\/schema\/logo\/image\/\"},\"sameAs\":[\"https:\/\/www.facebook.com\/HuelvaPort\/\",\"https:\/\/x.com\/HuelvaPort\",\"https:\/\/www.linkedin.com\/company\/huelvaport\/\"]}]}<\/script>\n<!-- \/ Yoast SEO plugin. -->","yoast_head_json":{"title":"Organisation chart - Asociaci\u00f3n HuelvaPort","robots":{"index":"index","follow":"follow","max-snippet":"max-snippet:-1","max-image-preview":"max-image-preview:large","max-video-preview":"max-video-preview:-1"},"canonical":"https:\/\/asociacionhuelvaport.com\/en\/organisation-chart\/","og_locale":"en_US","og_type":"article","og_title":"Organisation chart - Asociaci\u00f3n HuelvaPort","og_description":"ORGANISATION CHART BODIES AND MEMBERS THAT MAKE UP THE HUELVAPORT ASSOCIATION.General Assembly VIEW PARTNER CATALOG &nbsp;Board of Directors &nbsp;ANTONIO PONCE FERN\u00c1NDEZ Nuevo Astillero de HuelvaJUAN DEMETRIO DEL OLMO MART\u00cdN Head of the LNG Plant in Huelva of Enag\u00e1s Transporte, S.A.U. &nbsp;JAVIER PE\u00d1A D\u00cdAZ DE ENTRESOTOS General Manager of Impala Terminals Huelva Port Authority of Huelva [&hellip;]","og_url":"https:\/\/asociacionhuelvaport.com\/en\/organisation-chart\/","og_site_name":"Asociaci\u00f3n HuelvaPort","article_publisher":"https:\/\/www.facebook.com\/HuelvaPort\/","article_modified_time":"2025-11-25T11:59:04+00:00","twitter_card":"summary_large_image","twitter_site":"@HuelvaPort","twitter_misc":{"Est. reading time":"4 minutes"},"schema":{"@context":"https:\/\/schema.org","@graph":[{"@type":"WebPage","@id":"https:\/\/asociacionhuelvaport.com\/en\/organisation-chart\/","url":"https:\/\/asociacionhuelvaport.com\/en\/organisation-chart\/","name":"Organisation chart - Asociaci\u00f3n HuelvaPort","isPartOf":{"@id":"https:\/\/asociacionhuelvaport.com\/#website"},"datePublished":"2021-11-24T10:33:06+00:00","dateModified":"2025-11-25T11:59:04+00:00","breadcrumb":{"@id":"https:\/\/asociacionhuelvaport.com\/en\/organisation-chart\/#breadcrumb"},"inLanguage":"en-US","potentialAction":[{"@type":"ReadAction","target":["https:\/\/asociacionhuelvaport.com\/en\/organisation-chart\/"]}]},{"@type":"BreadcrumbList","@id":"https:\/\/asociacionhuelvaport.com\/en\/organisation-chart\/#breadcrumb","itemListElement":[{"@type":"ListItem","position":1,"name":"Portada","item":"https:\/\/asociacionhuelvaport.com\/"},{"@type":"ListItem","position":2,"name":"Organisation chart"}]},{"@type":"WebSite","@id":"https:\/\/asociacionhuelvaport.com\/#website","url":"https:\/\/asociacionhuelvaport.com\/","name":"Asociaci\u00f3n HuelvaPort","description":"Asociaci\u00f3n para la Promoci\u00f3n Comercial del Puerto de Huelva","publisher":{"@id":"https:\/\/asociacionhuelvaport.com\/#organization"},"potentialAction":[{"@type":"SearchAction","target":{"@type":"EntryPoint","urlTemplate":"https:\/\/asociacionhuelvaport.com\/?s={search_term_string}"},"query-input":"required name=search_term_string"}],"inLanguage":"en-US"},{"@type":"Organization","@id":"https:\/\/asociacionhuelvaport.com\/#organization","name":"Asociaci\u00f3n HuelvaPort","url":"https:\/\/asociacionhuelvaport.com\/","logo":{"@type":"ImageObject","inLanguage":"en-US","@id":"https:\/\/asociacionhuelvaport.com\/#\/schema\/logo\/image\/","url":"https:\/\/asociacionhuelvaport.com\/wp-content\/uploads\/2024\/03\/cropped-Diseno-sin-titulo-1.png","contentUrl":"https:\/\/asociacionhuelvaport.com\/wp-content\/uploads\/2024\/03\/cropped-Diseno-sin-titulo-1.png","width":512,"height":512,"caption":"Asociaci\u00f3n HuelvaPort"},"image":{"@id":"https:\/\/asociacionhuelvaport.com\/#\/schema\/logo\/image\/"},"sameAs":["https:\/\/www.facebook.com\/HuelvaPort\/","https:\/\/x.com\/HuelvaPort","https:\/\/www.linkedin.com\/company\/huelvaport\/"]}]}},"_links":{"self":[{"href":"https:\/\/asociacionhuelvaport.com\/en\/wp-json\/wp\/v2\/pages\/686","targetHints":{"allow":["GET"]}}],"collection":[{"href":"https:\/\/asociacionhuelvaport.com\/en\/wp-json\/wp\/v2\/pages"}],"about":[{"href":"https:\/\/asociacionhuelvaport.com\/en\/wp-json\/wp\/v2\/types\/page"}],"author":[{"embeddable":true,"href":"https:\/\/asociacionhuelvaport.com\/en\/wp-json\/wp\/v2\/users\/1"}],"replies":[{"embeddable":true,"href":"https:\/\/asociacionhuelvaport.com\/en\/wp-json\/wp\/v2\/comments?post=686"}],"version-history":[{"count":11,"href":"https:\/\/asociacionhuelvaport.com\/en\/wp-json\/wp\/v2\/pages\/686\/revisions"}],"predecessor-version":[{"id":5641,"href":"https:\/\/asociacionhuelvaport.com\/en\/wp-json\/wp\/v2\/pages\/686\/revisions\/5641"}],"wp:attachment":[{"href":"https:\/\/asociacionhuelvaport.com\/en\/wp-json\/wp\/v2\/media?parent=686"}],"curies":[{"name":"wp","href":"https:\/\/api.w.org\/{rel}","templated":true}]}}